{"id":2581,"date":"2023-03-24T15:00:30","date_gmt":"2023-03-24T14:00:30","guid":{"rendered":"https:\/\/mysir.dk\/?page_id=2581"},"modified":"2023-10-26T12:41:42","modified_gmt":"2023-10-26T10:41:42","slug":"disease-theory","status":"publish","type":"page","link":"https:\/\/mysir.dk\/da\/det-danske-hesteakademi\/uddannelsesprogrammer-og-kurser\/sygdomsteori\/","title":{"rendered":"Sygdomsteori"},"content":{"rendered":"\t\t<div data-elementor-type=\"wp-page\" data-elementor-id=\"2581\" class=\"elementor elementor-2581\" wpc-filter-elementor-widget=\"1\" data-elementor-post-type=\"page\">\n\t\t\t\t\t\t<section class=\"elementor-section elementor-top-section elementor-element elementor-element-508acfe elementor-section-height-min-height elementor-section-boxed elementor-section-height-default elementor-section-items-middle\" data-id=\"508acfe\" data-element_type=\"section\" data-e-type=\"section\" data-settings=\"{&quot;background_background&quot;:&quot;classic&quot;}\">\n\t\t\t\t\t\t\t<div class=\"elementor-background-overlay\"><\/div>\n\t\t\t\t\t\t\t<div class=\"elementor-container elementor-column-gap-default\">\n\t\t\t\t\t<div class=\"elementor-column elementor-col-100 elementor-top-column elementor-element elementor-element-5d26c05\" data-id=\"5d26c05\" data-element_type=\"column\" data-e-type=\"column\">\n\t\t\t<div class=\"elementor-widget-wrap elementor-element-populated\">\n\t\t\t\t\t\t<div class=\"elementor-element elementor-element-349a8ee elementor-widget elementor-widget-heading\" data-id=\"349a8ee\" data-element_type=\"widget\" data-e-type=\"widget\" data-widget_type=\"heading.default\">\n\t\t\t\t\t\t<\/div>\n\t\t\t\t\t<\/div>\n\t\t<\/div>\n\t\t\t\t\t<\/div>\n\t\t<\/section>\n\t\t\t\t<section class=\"elementor-section elementor-top-section elementor-element elementor-element-de532ee elementor-section-boxed elementor-section-height-default elementor-section-height-default\" data-id=\"de532ee\" data-element_type=\"section\" data-e-type=\"section\" data-settings=\"{&quot;background_background&quot;:&quot;classic&quot;}\">\n\t\t\t\t\t\t<div class=\"elementor-container elementor-column-gap-default\">\n\t\t\t\t\t<div class=\"elementor-column elementor-col-50 elementor-top-column elementor-element elementor-element-e03d797\" data-id=\"e03d797\" data-element_type=\"column\" data-e-type=\"column\">\n\t\t\t<div class=\"elementor-widget-wrap elementor-element-populated\">\n\t\t\t\t\t\t<div class=\"elementor-element elementor-element-31dc161 elementor-widget elementor-widget-heading\" data-id=\"31dc161\" data-element_type=\"widget\" data-e-type=\"widget\" data-widget_type=\"heading.default\">\n\t\t\t\t\t\t<div class=\"elementor-widget-container\">\n\t\t\t\t\t<h2 class=\"elementor-heading-title elementor-size-default\">Hesteakademiet<\/h2>\t\t\t\t<\/div>\n\t\t\t\t<\/div>\n\t\t\t\t<div class=\"elementor-element elementor-element-6a314b7 uael-dual-heading-align-left elementor-widget elementor-widget-uael-dual-color-heading\" data-id=\"6a314b7\" data-element_type=\"widget\" data-e-type=\"widget\" data-widget_type=\"uael-dual-color-heading.default\">\n\t\t\t\t\t\t<div class=\"elementor-widget-container\">\n\t\t\t\t\t\t\t\t\t<div class=\"uael-module-content uael-dual-color-heading uael-heading-stack-none\">\n\t\t\t<h3>\n\t\t\t\t\t\t\t\t\t\t\t\t\t\t\t\t<span class=\"uael-before-heading\"><span class=\"elementor-inline-editing uael-dual-heading-text uael-first-text\" data-elementor-setting-key=\"before_heading_text\" data-elementor-inline-editing-toolbar=\"basic\">Kursusindhold<\/span><\/span><span class=\"uael-adv-heading-stack\"><span class=\"elementor-inline-editing uael-dual-heading-text uael-highlight-text\" data-elementor-setting-key=\"second_heading_text\" data-elementor-inline-editing-toolbar=\"basic\"><\/span><\/span>\t\t\t\t\t\t\t\t\t\t\t\t\t<\/h3>\n\t\t<\/div>\n\t\t\t\t\t\t<\/div>\n\t\t\t\t<\/div>\n\t\t\t\t<div class=\"elementor-element elementor-element-057aaab elementor-widget elementor-widget-text-editor\" data-id=\"057aaab\" data-element_type=\"widget\" data-e-type=\"widget\" data-widget_type=\"text-editor.default\">\n\t\t\t\t\t\t<div class=\"elementor-widget-container\">\n\t\t\t\t\t\t\t\t\t<p>Du vil i faget f\u00e5 kendskab til sygdomme der kan vaccineres imod;<\/p>\t\t\t\t\t\t\t\t<\/div>\n\t\t\t\t<\/div>\n\t\t\t\t<div class=\"elementor-element elementor-element-2ec4f2c elementor-widget__width-initial elementor-widget elementor-widget-text-editor\" data-id=\"2ec4f2c\" data-element_type=\"widget\" data-e-type=\"widget\" data-widget_type=\"text-editor.default\">\n\t\t\t\t\t\t<div class=\"elementor-widget-container\">\n\t\t\t\t\t\t\t\t\t<ul><li>S\u00e5rbehandling<\/li><li>Sygdomme i hoven og hovseneben<\/li><li>Sygdomme i ben og sener<\/li><li>Ryglidelser<\/li><li>Halslidelser<\/li><li>Afsluttende eksamen<\/li><\/ul>\t\t\t\t\t\t\t\t<\/div>\n\t\t\t\t<\/div>\n\t\t\t\t<div class=\"elementor-element elementor-element-cff4e43 elementor-widget__width-initial elementor-widget elementor-widget-text-editor\" data-id=\"cff4e43\" data-element_type=\"widget\" data-e-type=\"widget\" data-widget_type=\"text-editor.default\">\n\t\t\t\t\t\t<div class=\"elementor-widget-container\">\n\t\t\t\t\t\t\t\t\t<ul><li>Sygdomme i mave-, tarmkanalen,<\/li><li>Ormebek\u00e6mpelse,<\/li><li>Tandpleje og sygdomme,<\/li><li>Luftsvejssygdomme,<\/li><li>Smertebehandling m.v.<\/li><\/ul>\t\t\t\t\t\t\t\t<\/div>\n\t\t\t\t<\/div>\n\t\t\t\t<div class=\"elementor-element elementor-element-41c02c1 elementor-widget elementor-widget-text-editor\" data-id=\"41c02c1\" data-element_type=\"widget\" data-e-type=\"widget\" data-widget_type=\"text-editor.default\">\n\t\t\t\t\t\t<div class=\"elementor-widget-container\">\n\t\t\t\t\t\t\t\t\t<p>Der vil i faget v\u00e6re praktiske \u00f8velser i det omfang det er muligt, under vejledning af dyrl\u00e6ge.<br \/>Kurset giver almen viden om sygdomme hos hesten, men er IKKE en erstatning for at tilkalde dyrl\u00e6ge i forbindelse med at hesten bliver syg.<\/p>\t\t\t\t\t\t\t\t<\/div>\n\t\t\t\t<\/div>\n\t\t\t\t<div class=\"elementor-element elementor-element-0bfe980 elementor-widget__width-auto animated-slow elementor-widget elementor-widget-global elementor-global-4259 elementor-widget-button\" data-id=\"0bfe980\" data-element_type=\"widget\" data-e-type=\"widget\" data-settings=\"{&quot;_animation&quot;:&quot;none&quot;}\" data-widget_type=\"button.default\">\n\t\t\t\t\t\t<div class=\"elementor-widget-container\">\n\t\t\t\t\t\t\t\t\t<div class=\"elementor-button-wrapper\">\n\t\t\t\t\t<a class=\"elementor-button elementor-button-link elementor-size-sm\" href=\"https:\/\/mysir.dk\/da\/tilmeld-dig-uddannelse-eller-kursus\/\">\n\t\t\t\t\t\t<span class=\"elementor-button-content-wrapper\">\n\t\t\t\t\t\t\t\t\t<span class=\"elementor-button-text\">Sign up<\/span>\n\t\t\t\t\t<\/span>\n\t\t\t\t\t<\/a>\n\t\t\t\t<\/div>\n\t\t\t\t\t\t\t\t<\/div>\n\t\t\t\t<\/div>\n\t\t\t\t<div class=\"elementor-element elementor-element-d89f75b elementor-widget__width-auto elementor-widget elementor-widget-global elementor-global-4265 elementor-widget-button\" data-id=\"d89f75b\" data-element_type=\"widget\" data-e-type=\"widget\" data-widget_type=\"button.default\">\n\t\t\t\t\t\t<div class=\"elementor-widget-container\">\n\t\t\t\t\t\t\t\t\t<div class=\"elementor-button-wrapper\">\n\t\t\t\t\t<a class=\"elementor-button elementor-button-link elementor-size-sm\" href=\"https:\/\/mysir.dk\/da\/det-danske-hesteakademi\/kursuskalender\/\">\n\t\t\t\t\t\t<span class=\"elementor-button-content-wrapper\">\n\t\t\t\t\t\t\t\t\t<span class=\"elementor-button-text\">See course calendar<\/span>\n\t\t\t\t\t<\/span>\n\t\t\t\t\t<\/a>\n\t\t\t\t<\/div>\n\t\t\t\t\t\t\t\t<\/div>\n\t\t\t\t<\/div>\n\t\t\t\t\t<\/div>\n\t\t<\/div>\n\t\t\t\t<div class=\"elementor-column elementor-col-50 elementor-top-column elementor-element elementor-element-20f076f\" data-id=\"20f076f\" data-element_type=\"column\" data-e-type=\"column\">\n\t\t\t<div class=\"elementor-widget-wrap elementor-element-populated\">\n\t\t\t\t\t\t<section class=\"elementor-section elementor-inner-section elementor-element elementor-element-9fff7e9 elementor-section-boxed elementor-section-height-default elementor-section-height-default\" data-id=\"9fff7e9\" data-element_type=\"section\" data-e-type=\"section\">\n\t\t\t\t\t\t<div class=\"elementor-container elementor-column-gap-default\">\n\t\t\t\t\t<div class=\"elementor-column elementor-col-100 elementor-inner-column elementor-element elementor-element-8dade90\" data-id=\"8dade90\" data-element_type=\"column\" data-e-type=\"column\" data-settings=\"{&quot;background_background&quot;:&quot;classic&quot;}\">\n\t\t\t<div class=\"elementor-widget-wrap elementor-element-populated\">\n\t\t\t\t\t\t<div class=\"elementor-element elementor-element-866ba3c elementor-widget elementor-widget-heading\" data-id=\"866ba3c\" data-element_type=\"widget\" data-e-type=\"widget\" data-widget_type=\"heading.default\">\n\t\t\t\t\t\t<div class=\"elementor-widget-container\">\n\t\t\t\t\t<h2 class=\"elementor-heading-title elementor-size-default\">Kontakt os for sp\u00f8rgsm\u00e5l<\/h2>\t\t\t\t<\/div>\n\t\t\t\t<\/div>\n\t\t\t\t<div class=\"elementor-element elementor-element-87b26e4 elementor-widget-divider--view-line elementor-widget elementor-widget-divider\" data-id=\"87b26e4\" data-element_type=\"widget\" data-e-type=\"widget\" data-widget_type=\"divider.default\">\n\t\t\t\t\t\t<div class=\"elementor-widget-container\">\n\t\t\t\t\t\t\t<div class=\"elementor-divider\">\n\t\t\t<span class=\"elementor-divider-separator\">\n\t\t\t\t\t\t<\/span>\n\t\t<\/div>\n\t\t\t\t\t\t<\/div>\n\t\t\t\t<\/div>\n\t\t\t\t<div class=\"elementor-element elementor-element-5082d71 elementor-button-align-stretch elementor-widget elementor-widget-global elementor-global-3376 elementor-widget-form\" data-id=\"5082d71\" data-element_type=\"widget\" data-e-type=\"widget\" data-settings=\"{&quot;step_next_label&quot;:&quot;N\\u00e6ste&quot;,&quot;step_previous_label&quot;:&quot;Tidligere&quot;,&quot;button_width&quot;:&quot;100&quot;,&quot;step_type&quot;:&quot;number_text&quot;,&quot;step_icon_shape&quot;:&quot;circle&quot;}\" data-widget_type=\"form.default\">\n\t\t\t\t\t\t<div class=\"elementor-widget-container\">\n\t\t\t\t\t\t\t<form class=\"elementor-form\" method=\"post\" name=\"Ny formular\" aria-label=\"Ny formular\">\n\t\t\t<input type=\"hidden\" name=\"post_id\" value=\"2581\"\/>\n\t\t\t<input type=\"hidden\" name=\"form_id\" value=\"5082d71\"\/>\n\t\t\t<input type=\"hidden\" name=\"referer_title\" value=\"MySir\" \/>\n\n\t\t\t\n\t\t\t<div class=\"elementor-form-fields-wrapper elementor-labels-\">\n\t\t\t\t\t\t\t\t<div class=\"elementor-field-type-text elementor-field-group elementor-column elementor-field-group-name elementor-col-100\">\n\t\t\t\t\t\t\t\t\t\t\t\t<label for=\"form-field-name\" class=\"elementor-field-label elementor-screen-only\">\n\t\t\t\t\t\t\t\tName\t\t\t\t\t\t\t<\/label>\n\t\t\t\t\t\t\t\t\t\t\t\t\t\t<input size=\"1\" type=\"text\" name=\"form_fields[name]\" id=\"form-field-name\" class=\"elementor-field elementor-size-sm  elementor-field-textual\" placeholder=\"Name\">\n\t\t\t\t\t\t\t\t\t\t\t<\/div>\n\t\t\t\t\t\t\t\t<div class=\"elementor-field-type-tel elementor-field-group elementor-column elementor-field-group-field_d6b1652 elementor-col-100\">\n\t\t\t\t\t\t\t\t\t\t\t\t<label for=\"form-field-field_d6b1652\" class=\"elementor-field-label elementor-screen-only\">\n\t\t\t\t\t\t\t\tTelefon\t\t\t\t\t\t\t<\/label>\n\t\t\t\t\t\t\t\t<input size=\"1\" type=\"tel\" name=\"form_fields[field_d6b1652]\" id=\"form-field-field_d6b1652\" class=\"elementor-field elementor-size-sm  elementor-field-textual\" placeholder=\"Phonenumber\" pattern=\"[0-9()#&amp;+*-=.]+\" title=\"Kun tal og telefonkarakterer (#,-,*, o.s.v.) accepteres.\">\n\n\t\t\t\t\t\t<\/div>\n\t\t\t\t\t\t\t\t<div class=\"elementor-field-type-email elementor-field-group elementor-column elementor-field-group-field_8e19606 elementor-col-100 elementor-field-required\">\n\t\t\t\t\t\t\t\t\t\t\t\t<label for=\"form-field-field_8e19606\" class=\"elementor-field-label elementor-screen-only\">\n\t\t\t\t\t\t\t\tE-mail afsender\t\t\t\t\t\t\t<\/label>\n\t\t\t\t\t\t\t\t\t\t\t\t\t\t<input size=\"1\" type=\"email\" name=\"form_fields[field_8e19606]\" id=\"form-field-field_8e19606\" class=\"elementor-field elementor-size-sm  elementor-field-textual\" placeholder=\"E-mail\" required=\"required\">\n\t\t\t\t\t\t\t\t\t\t\t<\/div>\n\t\t\t\t\t\t\t\t<div class=\"elementor-field-type-textarea elementor-field-group elementor-column elementor-field-group-message elementor-col-100\">\n\t\t\t\t\t\t\t\t\t\t\t\t<label for=\"form-field-message\" class=\"elementor-field-label elementor-screen-only\">\n\t\t\t\t\t\t\t\tMeddelelse\t\t\t\t\t\t\t<\/label>\n\t\t\t\t\t\t<textarea class=\"elementor-field-textual elementor-field  elementor-size-sm\" name=\"form_fields[message]\" id=\"form-field-message\" rows=\"4\" placeholder=\"Message\"><\/textarea>\t\t\t\t<\/div>\n\t\t\t\t\t\t\t\t<div class=\"elementor-field-type-text\">\n\t\t\t\t\t<input size=\"1\" type=\"text\" name=\"form_fields[field_37ac35a]\" id=\"form-field-field_37ac35a\" class=\"elementor-field elementor-size-sm \" style=\"display:none !important;\">\t\t\t\t<\/div>\n\t\t\t\t\t\t\t\t<div class=\"elementor-field-group elementor-column elementor-field-type-submit elementor-col-100 e-form__buttons\">\n\t\t\t\t\t<button class=\"elementor-button elementor-size-sm\" type=\"submit\">\n\t\t\t\t\t\t<span class=\"elementor-button-content-wrapper\">\n\t\t\t\t\t\t\t\t\t\t\t\t\t\t\t\t\t\t\t\t\t\t<span class=\"elementor-button-text\">Send<\/span>\n\t\t\t\t\t\t\t\t\t\t\t\t\t<\/span>\n\t\t\t\t\t<\/button>\n\t\t\t\t<\/div>\n\t\t\t<\/div>\n\t\t<\/form>\n\t\t\t\t\t\t<\/div>\n\t\t\t\t<\/div>\n\t\t\t\t\t<\/div>\n\t\t<\/div>\n\t\t\t\t\t<\/div>\n\t\t<\/section>\n\t\t\t\t\t<\/div>\n\t\t<\/div>\n\t\t\t\t\t<\/div>\n\t\t<\/section>\n\t\t\t\t<\/div>\n\t\t","protected":false},"excerpt":{"rendered":"<p>Hesteakademiet Kursusindhold Du vil i faget f\u00e5 kendskab til sygdomme der kan vaccineres imod; S\u00e5rbehandling Sygdomme i hoven og hovseneben Sygdomme i ben og sener Ryglidelser Halslidelser Afsluttende eksamen Sygdomme i mave-, tarmkanalen, Ormebek\u00e6mpelse, Tandpleje og sygdomme, Luftsvejssygdomme, Smertebehandling m.v. Der vil i faget v\u00e6re praktiske \u00f8velser i det omfang det er muligt, under vejledning [&hellip;]<\/p>\n","protected":false},"author":1,"featured_media":0,"parent":2449,"menu_order":0,"comment_status":"closed","ping_status":"closed","template":"","meta":{"footnotes":""},"class_list":["post-2581","page","type-page","status-publish","hentry"],"yoast_head":"<!-- This site is optimized with the Yoast SEO plugin v27.4 - https:\/\/yoast.com\/product\/yoast-seo-wordpress\/ -->\n<title>Disease Theory | MySir<\/title>\n<meta name=\"robots\" content=\"index, follow, max-snippet:-1, max-image-preview:large, max-video-preview:-1\" \/>\n<link rel=\"canonical\" href=\"https:\/\/mysir.dk\/da\/det-danske-hesteakademi\/uddannelsesprogrammer-og-kurser\/sygdomsteori\/\" \/>\n<meta property=\"og:locale\" content=\"da_DK\" \/>\n<meta property=\"og:type\" content=\"article\" \/>\n<meta property=\"og:title\" content=\"Disease Theory | MySir\" \/>\n<meta property=\"og:description\" content=\"Hesteakademiet Kursusindhold Du vil i faget f\u00e5 kendskab til sygdomme der kan vaccineres imod; S\u00e5rbehandling Sygdomme i hoven og hovseneben Sygdomme i ben og sener Ryglidelser Halslidelser Afsluttende eksamen Sygdomme i mave-, tarmkanalen, Ormebek\u00e6mpelse, Tandpleje og sygdomme, Luftsvejssygdomme, Smertebehandling m.v. Der vil i faget v\u00e6re praktiske \u00f8velser i det omfang det er muligt, under vejledning [&hellip;]\" \/>\n<meta property=\"og:url\" content=\"https:\/\/mysir.dk\/da\/det-danske-hesteakademi\/uddannelsesprogrammer-og-kurser\/sygdomsteori\/\" \/>\n<meta property=\"og:site_name\" content=\"MySir\" \/>\n<meta property=\"article:publisher\" content=\"https:\/\/www.facebook.com\/profile.php?id=100063772414724\" \/>\n<meta property=\"article:modified_time\" content=\"2023-10-26T10:41:42+00:00\" \/>\n<meta name=\"twitter:card\" content=\"summary_large_image\" \/>\n<meta name=\"twitter:label1\" content=\"Estimeret l\u00e6setid\" \/>\n\t<meta name=\"twitter:data1\" content=\"1 minut\" \/>\n<script type=\"application\/ld+json\" class=\"yoast-schema-graph\">{\"@context\":\"https:\\\/\\\/schema.org\",\"@graph\":[{\"@type\":\"WebPage\",\"@id\":\"https:\\\/\\\/mysir.dk\\\/the-danish-equine-academy\\\/education-programs-and-courses\\\/disease-theory\\\/\",\"url\":\"https:\\\/\\\/mysir.dk\\\/the-danish-equine-academy\\\/education-programs-and-courses\\\/disease-theory\\\/\",\"name\":\"Disease Theory | MySir\",\"isPartOf\":{\"@id\":\"https:\\\/\\\/mysir.dk\\\/#website\"},\"datePublished\":\"2023-03-24T14:00:30+00:00\",\"dateModified\":\"2023-10-26T10:41:42+00:00\",\"breadcrumb\":{\"@id\":\"https:\\\/\\\/mysir.dk\\\/the-danish-equine-academy\\\/education-programs-and-courses\\\/disease-theory\\\/#breadcrumb\"},\"inLanguage\":\"da-DK\",\"potentialAction\":[{\"@type\":\"ReadAction\",\"target\":[\"https:\\\/\\\/mysir.dk\\\/the-danish-equine-academy\\\/education-programs-and-courses\\\/disease-theory\\\/\"]}]},{\"@type\":\"BreadcrumbList\",\"@id\":\"https:\\\/\\\/mysir.dk\\\/the-danish-equine-academy\\\/education-programs-and-courses\\\/disease-theory\\\/#breadcrumb\",\"itemListElement\":[{\"@type\":\"ListItem\",\"position\":1,\"name\":\"The Danish Equine Academy\",\"item\":\"https:\\\/\\\/mysir.dk\\\/the-danish-equine-academy\\\/\"},{\"@type\":\"ListItem\",\"position\":2,\"name\":\"Education programs and courses\",\"item\":\"https:\\\/\\\/mysir.dk\\\/the-danish-equine-academy\\\/education-programs-and-courses\\\/\"},{\"@type\":\"ListItem\",\"position\":3,\"name\":\"Disease Theory\"}]},{\"@type\":\"WebSite\",\"@id\":\"https:\\\/\\\/mysir.dk\\\/#website\",\"url\":\"https:\\\/\\\/mysir.dk\\\/\",\"name\":\"MySir\",\"description\":\"Hestefysioterapi\",\"publisher\":{\"@id\":\"https:\\\/\\\/mysir.dk\\\/#organization\"},\"potentialAction\":[{\"@type\":\"SearchAction\",\"target\":{\"@type\":\"EntryPoint\",\"urlTemplate\":\"https:\\\/\\\/mysir.dk\\\/?s={search_term_string}\"},\"query-input\":{\"@type\":\"PropertyValueSpecification\",\"valueRequired\":true,\"valueName\":\"search_term_string\"}}],\"inLanguage\":\"da-DK\"},{\"@type\":\"Organization\",\"@id\":\"https:\\\/\\\/mysir.dk\\\/#organization\",\"name\":\"MySir Osteopati og Fysioterapi\",\"url\":\"https:\\\/\\\/mysir.dk\\\/\",\"logo\":{\"@type\":\"ImageObject\",\"inLanguage\":\"da-DK\",\"@id\":\"https:\\\/\\\/mysir.dk\\\/#\\\/schema\\\/logo\\\/image\\\/\",\"url\":\"https:\\\/\\\/mysir.dk\\\/wp-content\\\/uploads\\\/MySir_logov3.svg\",\"contentUrl\":\"https:\\\/\\\/mysir.dk\\\/wp-content\\\/uploads\\\/MySir_logov3.svg\",\"width\":605,\"height\":145,\"caption\":\"MySir Osteopati og Fysioterapi\"},\"image\":{\"@id\":\"https:\\\/\\\/mysir.dk\\\/#\\\/schema\\\/logo\\\/image\\\/\"},\"sameAs\":[\"https:\\\/\\\/www.facebook.com\\\/profile.php?id=100063772414724\",\"https:\\\/\\\/www.instagram.com\\\/mysirosteopati\\\/\"]}]}<\/script>\n<!-- \/ Yoast SEO plugin. -->","yoast_head_json":{"title":"Sygdomsteori | MySir","robots":{"index":"index","follow":"follow","max-snippet":"max-snippet:-1","max-image-preview":"max-image-preview:large","max-video-preview":"max-video-preview:-1"},"canonical":"https:\/\/mysir.dk\/da\/det-danske-hesteakademi\/uddannelsesprogrammer-og-kurser\/sygdomsteori\/","og_locale":"da_DK","og_type":"article","og_title":"Disease Theory | MySir","og_description":"Hesteakademiet Kursusindhold Du vil i faget f\u00e5 kendskab til sygdomme der kan vaccineres imod; S\u00e5rbehandling Sygdomme i hoven og hovseneben Sygdomme i ben og sener Ryglidelser Halslidelser Afsluttende eksamen Sygdomme i mave-, tarmkanalen, Ormebek\u00e6mpelse, Tandpleje og sygdomme, Luftsvejssygdomme, Smertebehandling m.v. Der vil i faget v\u00e6re praktiske \u00f8velser i det omfang det er muligt, under vejledning [&hellip;]","og_url":"https:\/\/mysir.dk\/da\/det-danske-hesteakademi\/uddannelsesprogrammer-og-kurser\/sygdomsteori\/","og_site_name":"MySir","article_publisher":"https:\/\/www.facebook.com\/profile.php?id=100063772414724","article_modified_time":"2023-10-26T10:41:42+00:00","twitter_card":"summary_large_image","twitter_misc":{"Estimeret l\u00e6setid":"1 minut"},"schema":{"@context":"https:\/\/schema.org","@graph":[{"@type":"WebPage","@id":"https:\/\/mysir.dk\/the-danish-equine-academy\/education-programs-and-courses\/disease-theory\/","url":"https:\/\/mysir.dk\/the-danish-equine-academy\/education-programs-and-courses\/disease-theory\/","name":"Sygdomsteori | MySir","isPartOf":{"@id":"https:\/\/mysir.dk\/#website"},"datePublished":"2023-03-24T14:00:30+00:00","dateModified":"2023-10-26T10:41:42+00:00","breadcrumb":{"@id":"https:\/\/mysir.dk\/the-danish-equine-academy\/education-programs-and-courses\/disease-theory\/#breadcrumb"},"inLanguage":"da-DK","potentialAction":[{"@type":"ReadAction","target":["https:\/\/mysir.dk\/the-danish-equine-academy\/education-programs-and-courses\/disease-theory\/"]}]},{"@type":"BreadcrumbList","@id":"https:\/\/mysir.dk\/the-danish-equine-academy\/education-programs-and-courses\/disease-theory\/#breadcrumb","itemListElement":[{"@type":"ListItem","position":1,"name":"The Danish Equine Academy","item":"https:\/\/mysir.dk\/the-danish-equine-academy\/"},{"@type":"ListItem","position":2,"name":"Education programs and courses","item":"https:\/\/mysir.dk\/the-danish-equine-academy\/education-programs-and-courses\/"},{"@type":"ListItem","position":3,"name":"Disease Theory"}]},{"@type":"WebSite","@id":"https:\/\/mysir.dk\/#website","url":"https:\/\/mysir.dk\/","name":"MySir","description":"Hestefysioterapi","publisher":{"@id":"https:\/\/mysir.dk\/#organization"},"potentialAction":[{"@type":"SearchAction","target":{"@type":"EntryPoint","urlTemplate":"https:\/\/mysir.dk\/?s={search_term_string}"},"query-input":{"@type":"PropertyValueSpecification","valueRequired":true,"valueName":"search_term_string"}}],"inLanguage":"da-DK"},{"@type":"Organization","@id":"https:\/\/mysir.dk\/#organization","name":"MySir Osteopati og Fysioterapi","url":"https:\/\/mysir.dk\/","logo":{"@type":"ImageObject","inLanguage":"da-DK","@id":"https:\/\/mysir.dk\/#\/schema\/logo\/image\/","url":"https:\/\/mysir.dk\/wp-content\/uploads\/MySir_logov3.svg","contentUrl":"https:\/\/mysir.dk\/wp-content\/uploads\/MySir_logov3.svg","width":605,"height":145,"caption":"MySir Osteopati og Fysioterapi"},"image":{"@id":"https:\/\/mysir.dk\/#\/schema\/logo\/image\/"},"sameAs":["https:\/\/www.facebook.com\/profile.php?id=100063772414724","https:\/\/www.instagram.com\/mysirosteopati\/"]}]}},"post_mailing_queue_ids":[],"_links":{"self":[{"href":"https:\/\/mysir.dk\/da\/wp-json\/wp\/v2\/pages\/2581","targetHints":{"allow":["GET"]}}],"collection":[{"href":"https:\/\/mysir.dk\/da\/wp-json\/wp\/v2\/pages"}],"about":[{"href":"https:\/\/mysir.dk\/da\/wp-json\/wp\/v2\/types\/page"}],"author":[{"embeddable":true,"href":"https:\/\/mysir.dk\/da\/wp-json\/wp\/v2\/users\/1"}],"replies":[{"embeddable":true,"href":"https:\/\/mysir.dk\/da\/wp-json\/wp\/v2\/comments?post=2581"}],"version-history":[{"count":29,"href":"https:\/\/mysir.dk\/da\/wp-json\/wp\/v2\/pages\/2581\/revisions"}],"predecessor-version":[{"id":4282,"href":"https:\/\/mysir.dk\/da\/wp-json\/wp\/v2\/pages\/2581\/revisions\/4282"}],"up":[{"embeddable":true,"href":"https:\/\/mysir.dk\/da\/wp-json\/wp\/v2\/pages\/2449"}],"wp:attachment":[{"href":"https:\/\/mysir.dk\/da\/wp-json\/wp\/v2\/media?parent=2581"}],"curies":[{"name":"wp","href":"https:\/\/api.w.org\/{rel}","templated":true}]}}